{"id":1017,"date":"2020-05-23T15:05:15","date_gmt":"2020-05-23T13:05:15","guid":{"rendered":"https:\/\/www.jeanpeters.de\/?page_id=1017"},"modified":"2022-02-23T16:22:29","modified_gmt":"2022-02-23T15:22:29","slug":"texts-talks","status":"publish","type":"page","link":"https:\/\/www.jeanpeters.de\/en\/texts-talks\/","title":{"rendered":"texts &#038; talks"},"content":{"rendered":"\n<p><em>For text requests, please contact <a href=\"mailto:jean.peters@posteo.de\">jean.peters@posteo.de<\/a><\/em><\/p>\n\n\n\n<h5>Book<\/h5>\n\n\n\n<p><a href=\"https:\/\/www.fischerverlage.de\/buch\/jean-peters-wenn-die-hoffnung-stirbt-geht-s-trotzdem-weiter-9783103970876\" target=\"_blank\" rel=\"noreferrer noopener\">Peters, Jean (2021): Wenn die Hoffnung stirbt, geht&#8217;s trotzdem weiter, Frankfurt: Fischer Verlag<\/a><\/p>\n\n\n\n<h5>Texts<\/h5>\n\n\n\n<p>Peters, Jean (2020): <em>Interspeeches 6,<\/em> Die Laschet Methode, Wien: brut<\/p>\n\n\n\n<p><a href=\"https:\/\/correctiv.org\/top-stories\/2020\/02\/04\/die-heartland-lobby-2\/\" target=\"_blank\" rel=\"noreferrer noopener\">Huth, Katarina, Jean Peters und Jonas Seufert (2020): Die Heartland Lobby, Berlin: Correctiv<\/a><\/p>\n\n\n\n<p><a rel=\"noreferrer noopener\" href=\"https:\/\/kaput-mag.com\/stories-de\/klar-kann-man-9-11-als-kuenstlerische-intervention-sehen-aber-lizvlx-im-interview\/\" target=\"_blank\">Peters, Jean (2019): <em>Klar, kann man 9\/11 als k\u00fcnstlerische Intervention sehen, aber\u2026, <\/em>Interview mit lizvlx, Internet: kaput mag<br><\/a><br><a rel=\"noreferrer noopener\" href=\"https:\/\/criticalcampaigning.org\/\" target=\"_blank\">Peters, Jean (2018): THE CRITICAL CAMPAIGNING MANIFESTO, Internet: criticalcampaigning.org<\/a><br><br><a rel=\"noreferrer noopener\" href=\"https:\/\/www.nachtkritik.de\/index.php?option=com_content&amp;view=article&amp;id=15459:in-seiner-rede-zum-george-tabori-preis-2018-fordert-jean-peters-vom-peng-kollektiv-die-oeffnung-der-kunst-fuer-den-realpolitischen-aktivismus&amp;catid=101&amp;Itemid=84\" target=\"_blank\">Peters, Jean (2018): Die R\u00fcckkehr der Haie, Rede zum George Tabori Preis, Internet: nachtkritik<br><\/a><br><a href=\"https:\/\/taz.de\/Archiv\/!s=&amp;Autor=JEAN+PETERS\/\" target=\"_blank\" rel=\"noreferrer noopener\">Peters, Jean (2009-2013), regelm\u00e4\u00dfige Kolumne in der taz. die tageszeitung, Berlin: taz<\/a><\/p>\n\n\n\n<h5>Book contributions:<\/h5>\n\n\n\n<p><a rel=\"noreferrer noopener\" href=\"https:\/\/www.fischerverlage.de\/buch\/extinction_rebellion_wann_wenn_nicht_wir\/9783103970036\" target=\"_blank\">Kaufmann, Sina Kamala,&nbsp;Michael Timmermann und&nbsp;Annemarie Botzki (2019): Wann wenn nicht wir*, Extinction Rebellion, Frankfurt am Main: S. Fischer Verlag<\/a><br><br><a rel=\"noreferrer noopener\" href=\"https:\/\/www.westendverlag.de\/buch\/50-einfache-dinge-die-sie-tun-koennen-um-die-gesellschaft-zu-veraendern\/\" target=\"_blank\">Pohl, Ines (Hrsg.) (2011): 50 einfache Dinge, die Sie tun k\u00f6nnen, um die Gesellschaft zu ver\u00e4ndern, Frankfurt am Main: Westend Verlag<br><\/a><br><a href=\"https:\/\/www.vsa-verlag.de\/nc\/detail\/artikel\/solidarische-moderne\/\" target=\"_blank\" rel=\"noreferrer noopener\">Angerm\u00fcller, Johannes, Sonja Buckel und Margit Rodrian-Pfennig (2012):&nbsp;Solidarische Bildung Crossover, Experimente selbstorganisierter Wissensproduktion, Hamburg: VSA Verlag<\/a><\/p>\n\n\n\n<h5>Videos as public speaker (selection)<\/h5>\n\n\n\n<p><a rel=\"noreferrer noopener\" href=\"https:\/\/youtu.be\/ak2vrmE-EkU\" target=\"_blank\">KunstsammlungenNRW (2022)<br>Investigative Interventionen<\/a> &#8211; speech in German<\/p>\n\n\n\n<p><a rel=\"noreferrer noopener\" href=\"https:\/\/www.youtube.com\/watch?v=cleNgM1ca8c\" target=\"_blank\">ZDF Aspekte<br>Interview in German<\/a><\/p>\n\n\n\n<p><a href=\"https:\/\/www.youtube.com\/watch?v=cleNgM1ca8c\" target=\"_blank\" rel=\"noreferrer noopener\">3Sat Kulturzeit<br>Interview about Peng in German<\/a><\/p>\n\n\n\n<p><a rel=\"noreferrer noopener\" href=\"https:\/\/youtu.be\/QsIE7pd1h7A?t=10256\" target=\"_blank\">SHADOW MUNICH SECURITY CONFERENCE (2020)<br>How to build a Civil Secret Service \u2013 <em>English<\/em><br><br><\/a><a rel=\"noreferrer noopener\" href=\"https:\/\/media.ccc.de\/v\/36c3-10541-hacking_the_media_gefluchtete_schmuggeln_nazis_torten_passe_falschen\" target=\"_blank\">36C3 (2019)<br>Hacking the Media: Gefl\u00fcchtete schmuggeln, Nazis torten, P\u00e4sse f\u00e4lschen \u2013 <em>German with English and Russian simultaneous translation<\/em><\/a><\/p>\n\n\n\n<p><a href=\"https:\/\/www.ted.com\/talks\/conny_runner_the_power_of_naivety_to_overcome_fear\" target=\"_blank\" rel=\"noreferrer noopener\">TEDx (2018)<br>The Power Of Naivety To Overcome Fear<\/a><br><br><a href=\"https:\/\/vimeo.com\/270767859\">AKSIOMA (2018)<br>Hacking Politics With Subversion, Civil Disobedience and Law \u2013 <em>English<\/em><\/a><\/p>\n\n\n\n<p><a rel=\"noreferrer noopener\" href=\"https:\/\/www.youtube.com\/watch?v=-bCtBXUjOnc\" target=\"_blank\">RE:PUBLICA (2017)<br>Don\u2019t shoot the Messenger \u2013 How we hacked the German weapon industry<br>German<\/a><br><br><a rel=\"noreferrer noopener\" href=\"https:\/\/www.youtube.com\/watch?v=QesYSCMCBU0\" target=\"_blank\">RE:PUBLICA (2014)<br>Google Nest: your data, our future (as fake Google Manager) \u2013 <em>English<\/em><\/a><br><\/p>\n\n\n\n<h5>INTERVIEWS (selection)<\/h5>\n\n\n\n<p><a href=\"https:\/\/mitvergnuegen.com\/hotelmatze\/jean-peters-peng-kollektiv\/\" target=\"_blank\" rel=\"noreferrer noopener\">Hotel Matze (2021): Wie wird man Aktivist?<\/a><\/p>\n\n\n\n<p><a rel=\"noreferrer noopener\" href=\"https:\/\/www.swr.de\/swr2\/leben-und-gesellschaft\/swr2-leben-2020-02-06-100.html\" target=\"_blank\">Land, Ulli (2020): Auf der Liste \u2013 Im Visier der Rechtsradikalen, Stuttgart: SWR.<br><\/a><br><a rel=\"noreferrer noopener\" href=\"https:\/\/www.mdr.de\/nachrichten\/politik\/gesellschaft\/kein-vertrauen-polizei-feindesliste-100.html\" target=\"_blank\">Ginzel, Arndt, Gudrun Grossmann und Daniel Laufer (2019): \u201cDie meisten hatten kein Vertrauen in die Polizei\u201d, ARD Fakt<br><\/a><br><a rel=\"noreferrer noopener\" href=\"https:\/\/www1.wdr.de\/mediathek\/audio\/wdr3\/wdr3-hoerspiel\/audio-anruf-aus-athen--was-sie-zur-finanzkrise-wissen-wollten-100.html\" target=\"_blank\">Vogel, Joel (2019): Anruf aus Athen \u2013 Was Sie zur Finanzkrise wissen wollten, K\u00f6ln: WDR3.<\/a><br><br><a rel=\"noreferrer noopener\" href=\"https:\/\/brennstoff.com\/artikel\/unser-ziel-ist-es-macht-zu-entflechten\/\" target=\"_blank\">Gruber, Manuel (2018): \u201cUnser Ziel ist es, Macht zu entflechten!\u201d, Wien: Brennstoff.<\/a><br><br><a rel=\"noreferrer noopener\" href=\"https:\/\/www.spiegel.de\/spiegel\/print\/d-156458006.html\" target=\"_blank\">Klawitter, Nils (2018): \u201cFast jeder Einkauf ist eine Form von Diebstahl\u201d, Berlin: Spiegel.<\/a><br><br><a rel=\"noreferrer noopener\" href=\"https:\/\/www.berliner-zeitung.de\/politik-gesellschaft\/man-wirft-eine-torte-rein-und-bekommt-morddrohungen-zurueck-li.11146\" target=\"_blank\">Schulz, Maike (2016): \u201cMan wirft eine Torte rein und bekommt Morddrohungen zur\u00fcck\u201d, Berlin: Berliner Zeitung<\/a><\/p>\n\n\n\n<p><\/p>\n","protected":false},"excerpt":{"rendered":"<p>For text requests, please contact jean.peters@posteo.de Book Peters, Jean (2021): Wenn die Hoffnung stirbt, geht&#8217;s trotzdem weiter, Frankfurt: Fischer Verlag Texts Peters, Jean (2020): Interspeeches 6, Die Laschet Methode, Wien: brut Huth, Katarina, Jean Peters und Jonas Seufert (2020): Die Heartland Lobby, Berlin: Correctiv Peters, Jean (2019): Klar, kann man 9\/11 als k\u00fcnstlerische Intervention sehen, aber\u2026, Interview mit lizvlx, Internet: kaput magPeters, Jean (2018): THE CRITICAL CAMPAIGNING MANIFESTO, Internet: criticalcampaigning.org Peters, Jean (2018): Die R\u00fcckkehr der Haie, Rede zum George Tabori Preis, Internet: nachtkritikPeters, Jean (2009-2013), regelm\u00e4\u00dfige Kolumne in der taz. die tageszeitung, Berlin: taz Book contributions: Kaufmann,&hellip;<\/p>\n","protected":false},"author":2,"featured_media":0,"parent":0,"menu_order":0,"comment_status":"closed","ping_status":"closed","template":"","meta":{"mbm-layout":"","gallery_show_on_projects":"yes","projects_page_id":"355","masonry_gallery_enable_secondary_view":true,"masonry_gallery_secondary_view":"slider","masonry_gallery_default_view":"slider","masonry_gallery_slider_enable_slideshow":false,"masonry_gallery_slider_slideshow_delay":2,"masonry_gallery_slider_transition_effect":"slide","thumbnail_gallery_enable_slideshow":false,"thumbnail_gallery_transition_effect":"slide"},"_links":{"self":[{"href":"https:\/\/www.jeanpeters.de\/en\/wp-json\/wp\/v2\/pages\/1017"}],"collection":[{"href":"https:\/\/www.jeanpeters.de\/en\/wp-json\/wp\/v2\/pages"}],"about":[{"href":"https:\/\/www.jeanpeters.de\/en\/wp-json\/wp\/v2\/types\/page"}],"author":[{"embeddable":true,"href":"https:\/\/www.jeanpeters.de\/en\/wp-json\/wp\/v2\/users\/2"}],"replies":[{"embeddable":true,"href":"https:\/\/www.jeanpeters.de\/en\/wp-json\/wp\/v2\/comments?post=1017"}],"version-history":[{"count":12,"href":"https:\/\/www.jeanpeters.de\/en\/wp-json\/wp\/v2\/pages\/1017\/revisions"}],"predecessor-version":[{"id":1317,"href":"https:\/\/www.jeanpeters.de\/en\/wp-json\/wp\/v2\/pages\/1017\/revisions\/1317"}],"wp:attachment":[{"href":"https:\/\/www.jeanpeters.de\/en\/wp-json\/wp\/v2\/media?parent=1017"}],"curies":[{"name":"wp","href":"https:\/\/api.w.org\/{rel}","templated":true}]}}